{"id":366,"date":"2019-04-06T15:26:09","date_gmt":"2019-04-06T13:26:09","guid":{"rendered":"http:\/\/friedenskircheberlin.de\/wp\/?page_id=366"},"modified":"2026-02-02T18:15:24","modified_gmt":"2026-02-02T17:15:24","slug":"gottesdienste-2","status":"publish","type":"page","link":"http:\/\/friedenskircheberlin.de\/wp\/gottesdienste-2\/","title":{"rendered":"Gottesdienste"},"content":{"rendered":"\n<a name=\"gd\" id=\"gd\"><\/a>\n\n\n\n<p><strong>Unsere Gottesdienste im Februar<\/strong><br \/>\n<\/p>\n<table width=\"100%\" border=\"0\" cellspacing=\"0\" cellpadding=\"0\">\n  <tr>\n    <td width=\"21%\" valign=\"top\" bgcolor=\"#FFFFFF\">\n      01. Februar 2026<br \/>\n      letzter So. n. Epiphanias<br \/>\n      09:30 Uhr    <\/td>\n    <td width=\"33%\" valign=\"top\" bgcolor=\"#FFFFFF\">\n      Predigtgottesdienst mit Abendmahl    <\/td>\n    <td width=\"22%\" valign=\"top\" bgcolor=\"#FFFFFF\">\n      Friedenskirche Niedersch\u00f6neweide    <\/td>\n    <td width=\"15%\" valign=\"top\" bgcolor=\"#FFFFFF\">\n      Pf. Jabs    <\/td>\n  <\/tr>\n\n  <tr>\n    <td valign=\"top\" bgcolor=\"#FFFFFF\">\n      08. Februar 2026<br \/>\n      Sexagesimae<br \/>\n      09:30 Uhr    <\/td>\n    <td valign=\"top\" bgcolor=\"#FFFFFF\">\n      Predigtgottesdienst    <\/td>\n    <td valign=\"top\" bgcolor=\"#FFFFFF\">\n      Friedenskirche Niedersch\u00f6neweide    <\/td>\n    <td valign=\"top\" bgcolor=\"#FFFFFF\">\n      Hr. Hoffmann    <\/td>\n  <\/tr>\n\n  <tr>\n    <td valign=\"top\" bgcolor=\"#FFFFFF\">15. Februar 2026<br \/>\n    Estomihi<br \/>\n    11:00 Uhr<\/td>\n    <td valign=\"top\" bgcolor=\"#FFFFFF\">Regionaler \u00d6kumenischer Gottesdienst<br \/>\n    mit Ch\u00f6ren der \u00d6kumene in der Region<\/td>\n    <td valign=\"top\" bgcolor=\"#FFFFFF\">Christuskirche Obersch\u00f6neweide<\/td>\n    <td valign=\"top\" bgcolor=\"#FFFFFF\">Pf. Jabs \/ \u00d6kum. Team<\/td>\n  <\/tr>\n  <tr>\n    <td valign=\"top\" bgcolor=\"#FFFFFF\">\n      22. Februar 2026<br \/>\n      Invocavit<br \/>\n      09:30 Uhr    <\/td>\n    <td valign=\"top\" bgcolor=\"#FFFFFF\">\n      Predigtgottesdienst    <\/td>\n    <td valign=\"top\" bgcolor=\"#FFFFFF\">\n      Friedenskirche Niedersch\u00f6neweide    <\/td>\n    <td valign=\"top\" bgcolor=\"#FFFFFF\">\n      Fr. Dr. Noak    <\/td>\n  <\/tr>\n<\/table>\n<p><strong><br \/>\n  Unsere Gottesdienste im M\u00e4rz<br \/>\n<\/strong><\/p>\n<table width=\"100%\" border=\"0\" cellpadding=\"0\" cellspacing=\"0\">\n  <tr>\n    <td width=\"21%\" valign=\"top\" bgcolor=\"#FFFFFF\"> 01. M\u00e4rz 2026<br \/>\n      Reminiszere<br \/>\n      09:30 Uhr <\/td>\n    <td width=\"33%\" valign=\"top\" bgcolor=\"#FFFFFF\"> Predigtgottesdienst mit Abendmahl <\/td>\n    <td width=\"22%\" valign=\"top\" bgcolor=\"#FFFFFF\"> Friedenskirche Niedersch\u00f6neweide <\/td>\n    <td width=\"15%\" valign=\"top\" bgcolor=\"#FFFFFF\"> Pf. Jabs <\/td>\n  <\/tr>\n  <tr>\n    <td valign=\"top\" bgcolor=\"#FFFFFF\">06. M\u00e4rz 2026<br \/>\n    Weltgebetstag<br \/>\n    18:00 Uhr<\/td>\n    <td valign=\"top\" bgcolor=\"#FFFFFF\">\u00d6kumenischer Gottesdienst<\/td>\n    <td valign=\"top\" bgcolor=\"#FFFFFF\">St. Konrad<\/td>\n    <td valign=\"top\" bgcolor=\"#FFFFFF\">\u00d6kum. Team<\/td>\n  <\/tr>\n  <tr>\n    <td valign=\"top\" bgcolor=\"#FFFFFF\">08. M\u00e4rz 2026<br \/>\n    Okuli<br \/>\n    11:00 Uhr<\/td>\n    <td valign=\"top\" bgcolor=\"#FFFFFF\">Regionaler Familiengottesdienst zum Weltgebetstag<\/td>\n    <td valign=\"top\" bgcolor=\"#FFFFFF\">Bekenntniskirche, Treptow<\/td>\n    <td valign=\"top\" bgcolor=\"#FFFFFF\">Gem.-P\u00e4d. Lehmann \/ Pf. D\u00f6hle<\/td>\n  <\/tr>\n  <tr>\n    <td valign=\"top\" bgcolor=\"#FFFFFF\"> 15. M\u00e4rz 2026<br \/>\n      L\u00e4tare<br \/>\n      09:30 Uhr <\/td>\n    <td valign=\"top\" bgcolor=\"#FFFFFF\"> Predigtgottesdienst <\/td>\n    <td valign=\"top\" bgcolor=\"#FFFFFF\"> Friedenskirche Niedersch\u00f6neweide <\/td>\n    <td valign=\"top\" bgcolor=\"#FFFFFF\"> Pf. Jabs <\/td>\n  <\/tr>\n  <tr>\n    <td valign=\"top\" bgcolor=\"#FFFFFF\"> 22. M\u00e4rz 2026<br \/>\n      Judika<br \/>\n      09:30 Uhr <\/td>\n    <td valign=\"top\" bgcolor=\"#FFFFFF\"> Predigtgottesdienst <\/td>\n    <td valign=\"top\" bgcolor=\"#FFFFFF\"> Friedenskirche Niedersch\u00f6neweide <\/td>\n    <td valign=\"top\" bgcolor=\"#FFFFFF\"> Fr. Dr. Noak <\/td>\n  <\/tr>\n  <tr>\n    <td valign=\"top\" bgcolor=\"#FFFFFF\">29. M\u00e4rz 2026<br \/>\n    Palmarum<br \/>\n    11:00 Uhr<\/td>\n    <td valign=\"top\" bgcolor=\"#FFFFFF\">Gemeinsamer Gottesdienst<\/td>\n    <td valign=\"top\" bgcolor=\"#FFFFFF\">Christuskirche Obersch\u00f6neweide<\/td>\n    <td valign=\"top\" bgcolor=\"#FFFFFF\">H. B\u00f6ttcher<\/td>\n  <\/tr>\n<\/table>\n<p><strong><br \/>\n  Unsere Gottesdienste im April<\/strong><br \/>\n<\/p>\n<table width=\"100%\" border=\"0\" cellspacing=\"0\" cellpadding=\"0\">\n  <tr>\n    <td valign=\"top\" bgcolor=\"#FFFFFF\">02. April 2026<br \/>\n    Gr\u00fcndonnerstag<br \/>\n    17:00 Uhr<\/td>\n    <td valign=\"top\" bgcolor=\"#FFFFFF\">Predigtgottesdienst <\/td>\n    <td valign=\"top\" bgcolor=\"#FFFFFF\">Kirche Johannisthal<\/td>\n    <td valign=\"top\" bgcolor=\"#FFFFFF\">&nbsp;<\/td>\n  <\/tr>\n  <tr>\n    <td width=\"21%\" valign=\"top\" bgcolor=\"#FFFFFF\">\n      03. April 2026<br \/>\n      Karfreitag<br \/>\n      09:30 Uhr    <\/td>\n    <td width=\"33%\" valign=\"top\" bgcolor=\"#FFFFFF\">\n      Predigtgottesdienst mit Abendmahl    <\/td>\n    <td width=\"22%\" valign=\"top\" bgcolor=\"#FFFFFF\">\n      Friedenskirche Niedersch\u00f6neweide    <\/td>\n    <td width=\"15%\" valign=\"top\" bgcolor=\"#FFFFFF\">\n      Pf. Jabs    <\/td>\n  <\/tr>\n\n  <tr>\n    <td valign=\"top\" bgcolor=\"#FFFFFF\">\n      05. April 2026<br \/>\n      Ostersonntag<br \/>\n      09:30 Uhr    <\/td>\n    <td valign=\"top\" bgcolor=\"#FFFFFF\">\n      Predigtgottesdienst    <\/td>\n    <td valign=\"top\" bgcolor=\"#FFFFFF\">\n      Friedenskirche Niedersch\u00f6neweide    <\/td>\n    <td valign=\"top\" bgcolor=\"#FFFFFF\">\n      Pf. Jabs    <\/td>\n  <\/tr>\n\n  <tr>\n    <td valign=\"top\" bgcolor=\"#FFFFFF\">06. April 2026<br \/>\n    Ostermontag<br \/>\n    11:00<\/td>\n    <td valign=\"top\" bgcolor=\"#FFFFFF\">Regionaler Gottesdienst<\/td>\n    <td valign=\"top\" bgcolor=\"#FFFFFF\">Kirche zum Vaterhaus, Baumschulenweg<\/td>\n    <td valign=\"top\" bgcolor=\"#FFFFFF\">&nbsp;<\/td>\n  <\/tr>\n  <tr>\n    <td valign=\"top\" bgcolor=\"#FFFFFF\">\n      12. April 2026<br \/>\n      Quasimodogeniti<br \/>\n      09:30 Uhr    <\/td>\n    <td valign=\"top\" bgcolor=\"#FFFFFF\">\n      Predigtgottesdienst    <\/td>\n    <td valign=\"top\" bgcolor=\"#FFFFFF\">\n      Friedenskirche Niedersch\u00f6neweide    <\/td>\n    <td valign=\"top\" bgcolor=\"#FFFFFF\">\n      Pf. Jabs    <\/td>\n  <\/tr>\n\n  <tr>\n    <td valign=\"top\" bgcolor=\"#FFFFFF\">\n      19. April 2026<br \/>\n      Misericordias Domini<br \/>\n      09:30 Uhr    <\/td>\n    <td valign=\"top\" bgcolor=\"#FFFFFF\">\n      Predigtgottesdienst    <\/td>\n    <td valign=\"top\" bgcolor=\"#FFFFFF\">\n      Friedenskirche Niedersch\u00f6neweide    <\/td>\n    <td valign=\"top\" bgcolor=\"#FFFFFF\">\n      Pf. Jabs    <\/td>\n  <\/tr>\n\n  <tr>\n    <td valign=\"top\" bgcolor=\"#FFFFFF\">\n      26. April 2026<br \/>\n      Jubilate<br \/>\n      09:30 Uhr    <\/td>\n    <td valign=\"top\" bgcolor=\"#FFFFFF\">\n      Predigtgottesdienst    <\/td>\n    <td valign=\"top\" bgcolor=\"#FFFFFF\">\n      Friedenskirche Niedersch\u00f6neweide    <\/td>\n    <td valign=\"top\" bgcolor=\"#FFFFFF\">\n      Pf. Jabs    <\/td>\n  <\/tr>\n<\/table>\n","protected":false},"excerpt":{"rendered":"<p>Unsere Gottesdienste im Februar 01. Februar 2026 letzter So. n. Epiphanias 09:30 Uhr Predigtgottesdienst mit Abendmahl Friedenskirche Niedersch\u00f6neweide Pf. Jabs 08. Februar 2026 Sexagesimae 09:30 Uhr Predigtgottesdienst Friedenskirche Niedersch\u00f6neweide Hr. Hoffmann 15. Februar 2026 Estomihi 11:00 Uhr Regionaler \u00d6kumenischer Gottesdienst mit Ch\u00f6ren der \u00d6kumene in der Region Christuskirche Obersch\u00f6neweide Pf. Jabs \/ \u00d6kum. Team 22. &hellip; <\/p>\n<p class=\"link-more\"><a href=\"http:\/\/friedenskircheberlin.de\/wp\/gottesdienste-2\/\" class=\"more-link\"><span class=\"screen-reader-text\">\u201eGottesdienste\u201c<\/span> weiterlesen<\/a><\/p>\n","protected":false},"author":1,"featured_media":88,"parent":0,"menu_order":0,"comment_status":"closed","ping_status":"closed","template":"","meta":{"footnotes":""},"class_list":["post-366","page","type-page","status-publish","has-post-thumbnail","hentry"],"_links":{"self":[{"href":"http:\/\/friedenskircheberlin.de\/wp\/wp-json\/wp\/v2\/pages\/366","targetHints":{"allow":["GET"]}}],"collection":[{"href":"http:\/\/friedenskircheberlin.de\/wp\/wp-json\/wp\/v2\/pages"}],"about":[{"href":"http:\/\/friedenskircheberlin.de\/wp\/wp-json\/wp\/v2\/types\/page"}],"author":[{"embeddable":true,"href":"http:\/\/friedenskircheberlin.de\/wp\/wp-json\/wp\/v2\/users\/1"}],"replies":[{"embeddable":true,"href":"http:\/\/friedenskircheberlin.de\/wp\/wp-json\/wp\/v2\/comments?post=366"}],"version-history":[{"count":113,"href":"http:\/\/friedenskircheberlin.de\/wp\/wp-json\/wp\/v2\/pages\/366\/revisions"}],"predecessor-version":[{"id":837,"href":"http:\/\/friedenskircheberlin.de\/wp\/wp-json\/wp\/v2\/pages\/366\/revisions\/837"}],"wp:featuredmedia":[{"embeddable":true,"href":"http:\/\/friedenskircheberlin.de\/wp\/wp-json\/wp\/v2\/media\/88"}],"wp:attachment":[{"href":"http:\/\/friedenskircheberlin.de\/wp\/wp-json\/wp\/v2\/media?parent=366"}],"curies":[{"name":"wp","href":"https:\/\/api.w.org\/{rel}","templated":true}]}}